{"id":82,"date":"2025-04-08T16:58:57","date_gmt":"2025-04-08T16:58:57","guid":{"rendered":"https:\/\/demo.morusi.com\/noticias05\/?page_id=82"},"modified":"2025-04-10T21:10:20","modified_gmt":"2025-04-10T21:10:20","slug":"termos-de-uso","status":"publish","type":"page","link":"https:\/\/poconevip.com.br\/noticia\/termos-de-uso\/","title":{"rendered":"Termos de uso"},"content":{"rendered":"\t\t<div data-elementor-type=\"wp-page\" data-elementor-id=\"82\" class=\"elementor elementor-82\" data-elementor-post-type=\"page\">\n\t\t\t\t\t\t<section class=\"elementor-section elementor-top-section elementor-element elementor-element-52f39f62 elementor-section-boxed elementor-section-height-default elementor-section-height-default\" data-id=\"52f39f62\" data-element_type=\"section\">\n\t\t\t\t\t\t<div class=\"elementor-container elementor-column-gap-default\">\n\t\t\t\t\t<div class=\"elementor-column elementor-col-100 elementor-top-column elementor-element elementor-element-23109254\" data-id=\"23109254\" data-element_type=\"column\">\n\t\t\t<div class=\"elementor-widget-wrap elementor-element-populated\">\n\t\t\t\t\t\t<div class=\"elementor-element elementor-element-35d04235 elementor-widget elementor-widget-heading\" data-id=\"35d04235\" data-element_type=\"widget\" data-widget_type=\"heading.default\">\n\t\t\t\t<div class=\"elementor-widget-container\">\n\t\t\t\t\t<h2 class=\"elementor-heading-title elementor-size-default\">Termos de Uso<\/h2>\t\t\t\t<\/div>\n\t\t\t\t<\/div>\n\t\t\t\t<section class=\"elementor-section elementor-inner-section elementor-element elementor-element-3c13c18b elementor-section-boxed elementor-section-height-default elementor-section-height-default\" data-id=\"3c13c18b\" data-element_type=\"section\">\n\t\t\t\t\t\t<div class=\"elementor-container elementor-column-gap-default\">\n\t\t\t\t\t<div class=\"elementor-column elementor-col-100 elementor-inner-column elementor-element elementor-element-42ca32a2\" data-id=\"42ca32a2\" data-element_type=\"column\" data-settings=\"{&quot;background_background&quot;:&quot;classic&quot;}\">\n\t\t\t<div class=\"elementor-widget-wrap elementor-element-populated\">\n\t\t\t\t\t\t<div class=\"elementor-element elementor-element-47db6449 elementor-widget elementor-widget-text-editor\" data-id=\"47db6449\" data-element_type=\"widget\" data-widget_type=\"text-editor.default\">\n\t\t\t\t<div class=\"elementor-widget-container\">\n\t\t\t\t\t\t\t\t\t<h2><strong data-start=\"59\" data-end=\"76\">Termos de Uso<\/strong><\/h2><p data-start=\"80\" data-end=\"349\">Seja bem-vindo ao nosso site. Antes de utilizar nossos servi\u00e7os, pedimos que leia atentamente os termos abaixo. Ao acessar ou utilizar este site, voc\u00ea concorda com estes termos de uso. Caso n\u00e3o concorde com qualquer item, recomendamos que n\u00e3o utilize nossos servi\u00e7os.<\/p><h4><strong data-start=\"354\" data-end=\"381\">1. Aceita\u00e7\u00e3o dos Termos<\/strong><\/h4><p data-start=\"384\" data-end=\"724\">Ao acessar nosso site, voc\u00ea reconhece ter lido, entendido e concordado com os termos e condi\u00e7\u00f5es aqui descritos. Reservamo-nos o direito de modificar estes termos a qualquer momento, sendo sua responsabilidade verific\u00e1-los periodicamente. O uso cont\u00ednuo do site ap\u00f3s a publica\u00e7\u00e3o de altera\u00e7\u00f5es significa sua aceita\u00e7\u00e3o das novas condi\u00e7\u00f5es.<\/p><h4><strong data-start=\"729\" data-end=\"747\">2. Uso do Site<\/strong><\/h4><ul data-start=\"750\" data-end=\"1095\"><li data-start=\"750\" data-end=\"842\">O conte\u00fado dispon\u00edvel neste site \u00e9 destinado apenas para fins informativos e comerciais.<\/li><li data-start=\"843\" data-end=\"950\">Voc\u00ea n\u00e3o deve utilizar o site para atividades ilegais, fraudulentas ou que possam prejudicar terceiros.<\/li><li data-start=\"951\" data-end=\"1095\">Qualquer tentativa de invas\u00e3o, c\u00f3pia n\u00e3o autorizada de conte\u00fados ou utiliza\u00e7\u00e3o indevida do site ser\u00e1 considerada uma viola\u00e7\u00e3o destes termos.<\/li><\/ul><h4><strong data-start=\"1100\" data-end=\"1130\">3. Propriedade Intelectual<\/strong><\/h4><ul data-start=\"1133\" data-end=\"1436\"><li data-start=\"1133\" data-end=\"1312\">Todo o conte\u00fado presente neste site, incluindo textos, imagens, gr\u00e1ficos, logotipos e outros materiais, \u00e9 de propriedade exclusiva da empresa ou de seus parceiros licenciados.<\/li><li data-start=\"1313\" data-end=\"1436\">N\u00e3o \u00e9 permitida a reprodu\u00e7\u00e3o, distribui\u00e7\u00e3o, modifica\u00e7\u00e3o ou uso de qualquer material sem autoriza\u00e7\u00e3o pr\u00e9via por escrito.<\/li><\/ul><h3><strong data-start=\"1441\" data-end=\"1477\">4. Limita\u00e7\u00e3o de Responsabilidade<\/strong><\/h3><ul data-start=\"1480\" data-end=\"1731\"><li data-start=\"1480\" data-end=\"1553\">N\u00e3o garantimos que o site estar\u00e1 sempre dispon\u00edvel ou livre de erros.<\/li><li data-start=\"1554\" data-end=\"1731\">O uso das informa\u00e7\u00f5es contidas neste site \u00e9 de sua inteira responsabilidade. N\u00e3o nos responsabilizamos por quaisquer danos resultantes do uso ou incapacidade de uso do site.<\/li><\/ul><h3><strong data-start=\"1736\" data-end=\"1756\">5. Lei Aplic\u00e1vel<\/strong><\/h3><p data-start=\"1759\" data-end=\"1922\">Estes termos s\u00e3o regidos pelas leis do pa\u00eds onde a empresa est\u00e1 registrada. Quaisquer disputas dever\u00e3o ser resolvidas nos tribunais competentes dessa jurisdi\u00e7\u00e3o.<\/p>\t\t\t\t\t\t\t\t<\/div>\n\t\t\t\t<\/div>\n\t\t\t\t\t<\/div>\n\t\t<\/div>\n\t\t\t\t\t<\/div>\n\t\t<\/section>\n\t\t\t\t\t<\/div>\n\t\t<\/div>\n\t\t\t\t\t<\/div>\n\t\t<\/section>\n\t\t\t\t<section class=\"elementor-section elementor-top-section elementor-element elementor-element-54d508e8 elementor-section-boxed elementor-section-height-default elementor-section-height-default\" data-id=\"54d508e8\" data-element_type=\"section\">\n\t\t\t\t\t\t<div class=\"elementor-container elementor-column-gap-default\">\n\t\t\t\t\t<div class=\"elementor-column elementor-col-100 elementor-top-column elementor-element elementor-element-58344d6f\" data-id=\"58344d6f\" data-element_type=\"column\" data-settings=\"{&quot;background_background&quot;:&quot;classic&quot;}\">\n\t\t\t<div class=\"elementor-widget-wrap\">\n\t\t\t\t\t\t\t<\/div>\n\t\t<\/div>\n\t\t\t\t\t<\/div>\n\t\t<\/section>\n\t\t\t\t<\/div>\n\t\t","protected":false},"excerpt":{"rendered":"<p>Termos de Uso Termos de Uso Seja bem-vindo ao nosso site. Antes de utilizar nossos servi\u00e7os, pedimos que leia atentamente os termos abaixo. Ao acessar ou utilizar este site, voc\u00ea concorda com estes termos de uso. Caso n\u00e3o concorde com qualquer item, recomendamos que n\u00e3o utilize nossos servi\u00e7os. 1. Aceita\u00e7\u00e3o dos Termos Ao acessar nosso [&hellip;]<\/p>\n","protected":false},"author":1,"featured_media":0,"parent":0,"menu_order":0,"comment_status":"closed","ping_status":"closed","template":"","meta":{"footnotes":""},"class_list":["post-82","page","type-page","status-publish","hentry"],"_links":{"self":[{"href":"https:\/\/poconevip.com.br\/noticia\/wp-json\/wp\/v2\/pages\/82","targetHints":{"allow":["GET"]}}],"collection":[{"href":"https:\/\/poconevip.com.br\/noticia\/wp-json\/wp\/v2\/pages"}],"about":[{"href":"https:\/\/poconevip.com.br\/noticia\/wp-json\/wp\/v2\/types\/page"}],"author":[{"embeddable":true,"href":"https:\/\/poconevip.com.br\/noticia\/wp-json\/wp\/v2\/users\/1"}],"replies":[{"embeddable":true,"href":"https:\/\/poconevip.com.br\/noticia\/wp-json\/wp\/v2\/comments?post=82"}],"version-history":[{"count":16,"href":"https:\/\/poconevip.com.br\/noticia\/wp-json\/wp\/v2\/pages\/82\/revisions"}],"predecessor-version":[{"id":775,"href":"https:\/\/poconevip.com.br\/noticia\/wp-json\/wp\/v2\/pages\/82\/revisions\/775"}],"wp:attachment":[{"href":"https:\/\/poconevip.com.br\/noticia\/wp-json\/wp\/v2\/media?parent=82"}],"curies":[{"name":"wp","href":"https:\/\/api.w.org\/{rel}","templated":true}]}}